{"id":9142,"date":"1970-01-01T00:00:00","date_gmt":"2023-09-13T15:15:07","guid":{"rendered":"https:\/\/ehlea.com\/producto\/vestido-aloha-rosa-2"},"modified":"2024-05-09T15:18:47","modified_gmt":"2024-05-09T13:18:47","slug":"vestido-aloha-rosa","status":"publish","type":"product","link":"https:\/\/ehlea.live-website.com\/en\/product\/vestido-aloha-rosa\/","title":{"rendered":"Vestido Aloha Rosa"},"content":{"rendered":"","protected":false},"excerpt":{"rendered":"<p>Vestido largo de escote cruzado. Cuello en V que se cierra en la cintura con cintur\u00f3n ce\u00f1ido a la cintura. Manga tres cuatros con ribete en la terminaci\u00f3n, que va a conjunto la del cuello. Abertura lateral que cierra el vestido. Tejido compuesto por 97% PES y 3% EA.<\/p>","protected":false},"featured_media":15583,"template":"","meta":[],"product_brand":[],"product_cat":[78,69],"product_tag":[],"class_list":{"0":"post-9142","1":"product","2":"type-product","3":"status-publish","4":"has-post-thumbnail","6":"product_cat-vestidos-y-monos","7":"product_cat-coleccion","8":"pa_talla-xs","9":"pa_talla-s","10":"pa_talla-m","11":"pa_talla-l","12":"pa_talla-xl","14":"first","15":"instock","16":"taxable","17":"shipping-taxable","18":"purchasable","19":"product-type-variable"},"bundled_by":[],"bundle_stock_status":"instock","bundle_stock_quantity":1,"bundle_virtual":false,"bundle_layout":"","bundle_add_to_cart_form_location":"","bundle_editable_in_cart":false,"bundle_sold_individually_context":"","bundle_item_grouping":"","bundle_min_size":"","bundle_max_size":"","bundle_price":[],"bundled_items":[],"bundle_sell_ids":[],"jetpack_sharing_enabled":true,"_links":{"self":[{"href":"https:\/\/ehlea.live-website.com\/en\/wp-json\/wp\/v2\/product\/9142","targetHints":{"allow":["GET"]}}],"collection":[{"href":"https:\/\/ehlea.live-website.com\/en\/wp-json\/wp\/v2\/product"}],"about":[{"href":"https:\/\/ehlea.live-website.com\/en\/wp-json\/wp\/v2\/types\/product"}],"version-history":[{"count":0,"href":"https:\/\/ehlea.live-website.com\/en\/wp-json\/wp\/v2\/product\/9142\/revisions"}],"wp:featuredmedia":[{"embeddable":true,"href":"https:\/\/ehlea.live-website.com\/en\/wp-json\/wp\/v2\/media\/15583"}],"wp:attachment":[{"href":"https:\/\/ehlea.live-website.com\/en\/wp-json\/wp\/v2\/media?parent=9142"}],"wp:term":[{"taxonomy":"product_brand","embeddable":true,"href":"https:\/\/ehlea.live-website.com\/en\/wp-json\/wp\/v2\/product_brand?post=9142"},{"taxonomy":"product_cat","embeddable":true,"href":"https:\/\/ehlea.live-website.com\/en\/wp-json\/wp\/v2\/product_cat?post=9142"},{"taxonomy":"product_tag","embeddable":true,"href":"https:\/\/ehlea.live-website.com\/en\/wp-json\/wp\/v2\/product_tag?post=9142"}],"curies":[{"name":"wp","href":"https:\/\/api.w.org\/{rel}","templated":true}]}}