{"id":9112,"date":"1970-01-01T00:00:00","date_gmt":"2023-09-13T15:14:42","guid":{"rendered":"https:\/\/ehlea.com\/producto\/camiseta-pupukea-rosa-2"},"modified":"2024-04-17T15:58:33","modified_gmt":"2024-04-17T13:58:33","slug":"camisa-pupukea-rosa","status":"publish","type":"product","link":"https:\/\/ehlea.live-website.com\/en\/product\/camisa-pupukea-rosa\/","title":{"rendered":"Camisa Pupukea Rosa"},"content":{"rendered":"","protected":false},"excerpt":{"rendered":"<p>Camisa de manga larga con volantes. Los volantes los encontramos en el cuello, hombro y mangas. El cuello es tipo tortuga cerrado con un bot\u00f3n y terminada en volante. En hombro bajo est\u00e1 decorado con unos volantes que van desde el cuello asta la costura de la manga. La zona del codo est\u00e1 decorada por dos volantes que lo rodean y, para finalizar, la zona baja de la manga se ajusta a la mu\u00f1eca, generando un efecto de vuelo en la terminaci\u00f3n que recuerda a un volante. El corte de la camisa es recto, con botones de arriba a abajo. Estampado de rallas.<\/p>\n<p>Tejido compuesto por 100% Co.<\/p>","protected":false},"featured_media":15624,"template":"","meta":[],"product_brand":[],"product_cat":[75,69],"product_tag":[],"class_list":{"0":"post-9112","1":"product","2":"type-product","3":"status-publish","4":"has-post-thumbnail","6":"product_cat-camisas-y-blusas","7":"product_cat-coleccion","8":"pa_talla-s","9":"pa_talla-m","10":"pa_talla-l","11":"pa_talla-xl","13":"first","14":"instock","15":"taxable","16":"shipping-taxable","17":"purchasable","18":"product-type-variable"},"bundled_by":[],"bundle_stock_status":"instock","bundle_stock_quantity":1,"bundle_virtual":false,"bundle_layout":"","bundle_add_to_cart_form_location":"","bundle_editable_in_cart":false,"bundle_sold_individually_context":"","bundle_item_grouping":"","bundle_min_size":"","bundle_max_size":"","bundle_price":[],"bundled_items":[],"bundle_sell_ids":[],"jetpack_sharing_enabled":true,"_links":{"self":[{"href":"https:\/\/ehlea.live-website.com\/en\/wp-json\/wp\/v2\/product\/9112","targetHints":{"allow":["GET"]}}],"collection":[{"href":"https:\/\/ehlea.live-website.com\/en\/wp-json\/wp\/v2\/product"}],"about":[{"href":"https:\/\/ehlea.live-website.com\/en\/wp-json\/wp\/v2\/types\/product"}],"version-history":[{"count":0,"href":"https:\/\/ehlea.live-website.com\/en\/wp-json\/wp\/v2\/product\/9112\/revisions"}],"wp:featuredmedia":[{"embeddable":true,"href":"https:\/\/ehlea.live-website.com\/en\/wp-json\/wp\/v2\/media\/15624"}],"wp:attachment":[{"href":"https:\/\/ehlea.live-website.com\/en\/wp-json\/wp\/v2\/media?parent=9112"}],"wp:term":[{"taxonomy":"product_brand","embeddable":true,"href":"https:\/\/ehlea.live-website.com\/en\/wp-json\/wp\/v2\/product_brand?post=9112"},{"taxonomy":"product_cat","embeddable":true,"href":"https:\/\/ehlea.live-website.com\/en\/wp-json\/wp\/v2\/product_cat?post=9112"},{"taxonomy":"product_tag","embeddable":true,"href":"https:\/\/ehlea.live-website.com\/en\/wp-json\/wp\/v2\/product_tag?post=9112"}],"curies":[{"name":"wp","href":"https:\/\/api.w.org\/{rel}","templated":true}]}}