{"id":8339,"date":"2023-06-09T16:41:00","date_gmt":"2023-09-06T14:41:32","guid":{"rendered":"https:\/\/ehlea.com\/producto\/panuelo-dafne-rosa"},"modified":"2024-02-01T10:11:48","modified_gmt":"2024-02-01T09:11:48","slug":"panuelo-dafne-rosa","status":"publish","type":"product","link":"https:\/\/ehlea.live-website.com\/en\/product\/panuelo-dafne-rosa\/","title":{"rendered":"Dafne Pink Scarf"},"content":{"rendered":"","protected":false},"excerpt":{"rendered":"<p>Pa\u00f1uelo estampado a conjunto con las prendas de la colecci\u00f3n. Logo de la marca en el centro del pa\u00f1uelo. Forma de rombo.<\/p>","protected":false},"featured_media":13621,"template":"","meta":[],"product_brand":[],"product_cat":[120,148,164,69],"product_tag":[],"class_list":{"0":"post-8339","1":"product","2":"type-product","3":"status-publish","4":"has-post-thumbnail","6":"product_cat-complementos","7":"product_cat-panuelos","8":"product_cat-regalos","9":"product_cat-coleccion","11":"first","12":"instock","13":"sale","14":"taxable","15":"shipping-taxable","16":"purchasable","17":"product-type-simple"},"bundled_by":[],"bundle_stock_status":"instock","bundle_stock_quantity":38,"bundle_virtual":false,"bundle_layout":"","bundle_add_to_cart_form_location":"","bundle_editable_in_cart":false,"bundle_sold_individually_context":"","bundle_item_grouping":"","bundle_min_size":"","bundle_max_size":"","bundle_price":[],"bundled_items":[],"bundle_sell_ids":[],"jetpack_sharing_enabled":true,"_links":{"self":[{"href":"https:\/\/ehlea.live-website.com\/en\/wp-json\/wp\/v2\/product\/8339","targetHints":{"allow":["GET"]}}],"collection":[{"href":"https:\/\/ehlea.live-website.com\/en\/wp-json\/wp\/v2\/product"}],"about":[{"href":"https:\/\/ehlea.live-website.com\/en\/wp-json\/wp\/v2\/types\/product"}],"version-history":[{"count":0,"href":"https:\/\/ehlea.live-website.com\/en\/wp-json\/wp\/v2\/product\/8339\/revisions"}],"wp:featuredmedia":[{"embeddable":true,"href":"https:\/\/ehlea.live-website.com\/en\/wp-json\/wp\/v2\/media\/13621"}],"wp:attachment":[{"href":"https:\/\/ehlea.live-website.com\/en\/wp-json\/wp\/v2\/media?parent=8339"}],"wp:term":[{"taxonomy":"product_brand","embeddable":true,"href":"https:\/\/ehlea.live-website.com\/en\/wp-json\/wp\/v2\/product_brand?post=8339"},{"taxonomy":"product_cat","embeddable":true,"href":"https:\/\/ehlea.live-website.com\/en\/wp-json\/wp\/v2\/product_cat?post=8339"},{"taxonomy":"product_tag","embeddable":true,"href":"https:\/\/ehlea.live-website.com\/en\/wp-json\/wp\/v2\/product_tag?post=8339"}],"curies":[{"name":"wp","href":"https:\/\/api.w.org\/{rel}","templated":true}]}}