{"id":13906,"date":"2024-01-15T11:09:00","date_gmt":"2024-01-15T10:09:00","guid":{"rendered":"https:\/\/ehlea.com\/producto\/panuelo-jackie-beige\/"},"modified":"2024-01-15T13:51:06","modified_gmt":"2024-01-15T12:51:06","slug":"panuelo-jackie-beige","status":"publish","type":"product","link":"https:\/\/ehlea.live-website.com\/en\/product\/panuelo-jackie-beige\/","title":{"rendered":"Pa\u00f1uelo Jackie Beige"},"content":{"rendered":"","protected":false},"excerpt":{"rendered":"<p>Pa\u00f1uelo efecto seda estampado a conjunto con los estampados de la colecci\u00f3n. Logo de la marca en una esquina. Forma cuadrada.<\/p>","protected":false},"featured_media":14049,"template":"","meta":[],"product_brand":[],"product_cat":[120,148,151],"product_tag":[],"class_list":{"0":"post-13906","1":"product","2":"type-product","3":"status-publish","4":"has-post-thumbnail","6":"product_cat-complementos","7":"product_cat-panuelos","8":"product_cat-shop","10":"first","11":"instock","12":"taxable","13":"shipping-taxable","14":"purchasable","15":"product-type-simple"},"bundled_by":[],"bundle_stock_status":"instock","bundle_stock_quantity":12,"bundle_virtual":false,"bundle_layout":"","bundle_add_to_cart_form_location":"","bundle_editable_in_cart":false,"bundle_sold_individually_context":"","bundle_item_grouping":"","bundle_min_size":"","bundle_max_size":"","bundle_price":[],"bundled_items":[],"bundle_sell_ids":[],"jetpack_sharing_enabled":true,"_links":{"self":[{"href":"https:\/\/ehlea.live-website.com\/en\/wp-json\/wp\/v2\/product\/13906","targetHints":{"allow":["GET"]}}],"collection":[{"href":"https:\/\/ehlea.live-website.com\/en\/wp-json\/wp\/v2\/product"}],"about":[{"href":"https:\/\/ehlea.live-website.com\/en\/wp-json\/wp\/v2\/types\/product"}],"version-history":[{"count":0,"href":"https:\/\/ehlea.live-website.com\/en\/wp-json\/wp\/v2\/product\/13906\/revisions"}],"wp:featuredmedia":[{"embeddable":true,"href":"https:\/\/ehlea.live-website.com\/en\/wp-json\/wp\/v2\/media\/14049"}],"wp:attachment":[{"href":"https:\/\/ehlea.live-website.com\/en\/wp-json\/wp\/v2\/media?parent=13906"}],"wp:term":[{"taxonomy":"product_brand","embeddable":true,"href":"https:\/\/ehlea.live-website.com\/en\/wp-json\/wp\/v2\/product_brand?post=13906"},{"taxonomy":"product_cat","embeddable":true,"href":"https:\/\/ehlea.live-website.com\/en\/wp-json\/wp\/v2\/product_cat?post=13906"},{"taxonomy":"product_tag","embeddable":true,"href":"https:\/\/ehlea.live-website.com\/en\/wp-json\/wp\/v2\/product_tag?post=13906"}],"curies":[{"name":"wp","href":"https:\/\/api.w.org\/{rel}","templated":true}]}}