{"id":12546,"date":"2023-11-21T16:25:18","date_gmt":"2023-11-21T15:25:18","guid":{"rendered":"https:\/\/ehlea.com\/producto\/libreta-flor-de-melocoton\/"},"modified":"2023-11-30T17:25:45","modified_gmt":"2023-11-30T16:25:45","slug":"libreta-flor-de-melocoton","status":"publish","type":"product","link":"https:\/\/ehlea.live-website.com\/en\/product\/libreta-flor-de-melocoton\/","title":{"rendered":"Peach Blossom Notebook"},"content":{"rendered":"","protected":false},"excerpt":{"rendered":"<p>Cuaderno con dise\u00f1o de flores con: tapa dura mate texturizada, texto en l\u00e1mina dorada, marcap\u00e1ginas de cinta lila claro, 160 p\u00e1ginas en blanco y papel de alta calidad, \u00a1para escribir tus pensamientos, sue\u00f1os y planes!<\/p>","protected":false},"featured_media":12783,"template":"","meta":[],"product_brand":[],"product_cat":[177,164],"product_tag":[],"class_list":{"0":"post-12546","1":"product","2":"type-product","3":"status-publish","4":"has-post-thumbnail","6":"product_cat-papeleria","7":"product_cat-regalos","9":"first","10":"instock","11":"taxable","12":"shipping-taxable","13":"purchasable","14":"product-type-simple"},"bundled_by":[],"bundle_stock_status":"instock","bundle_stock_quantity":2,"bundle_virtual":false,"bundle_layout":"","bundle_add_to_cart_form_location":"","bundle_editable_in_cart":false,"bundle_sold_individually_context":"","bundle_item_grouping":"","bundle_min_size":"","bundle_max_size":"","bundle_price":[],"bundled_items":[],"bundle_sell_ids":[],"jetpack_sharing_enabled":true,"_links":{"self":[{"href":"https:\/\/ehlea.live-website.com\/en\/wp-json\/wp\/v2\/product\/12546","targetHints":{"allow":["GET"]}}],"collection":[{"href":"https:\/\/ehlea.live-website.com\/en\/wp-json\/wp\/v2\/product"}],"about":[{"href":"https:\/\/ehlea.live-website.com\/en\/wp-json\/wp\/v2\/types\/product"}],"version-history":[{"count":0,"href":"https:\/\/ehlea.live-website.com\/en\/wp-json\/wp\/v2\/product\/12546\/revisions"}],"wp:featuredmedia":[{"embeddable":true,"href":"https:\/\/ehlea.live-website.com\/en\/wp-json\/wp\/v2\/media\/12783"}],"wp:attachment":[{"href":"https:\/\/ehlea.live-website.com\/en\/wp-json\/wp\/v2\/media?parent=12546"}],"wp:term":[{"taxonomy":"product_brand","embeddable":true,"href":"https:\/\/ehlea.live-website.com\/en\/wp-json\/wp\/v2\/product_brand?post=12546"},{"taxonomy":"product_cat","embeddable":true,"href":"https:\/\/ehlea.live-website.com\/en\/wp-json\/wp\/v2\/product_cat?post=12546"},{"taxonomy":"product_tag","embeddable":true,"href":"https:\/\/ehlea.live-website.com\/en\/wp-json\/wp\/v2\/product_tag?post=12546"}],"curies":[{"name":"wp","href":"https:\/\/api.w.org\/{rel}","templated":true}]}}