{"id":12545,"date":"2023-11-21T16:25:17","date_gmt":"2023-11-21T15:25:17","guid":{"rendered":"https:\/\/ehlea.com\/producto\/passione-pizza\/"},"modified":"2023-11-30T17:26:51","modified_gmt":"2023-11-30T16:26:51","slug":"passione-pizza","status":"publish","type":"product","link":"https:\/\/ehlea.live-website.com\/en\/product\/passione-pizza\/","title":{"rendered":"Passione Pizza"},"content":{"rendered":"","protected":false},"excerpt":{"rendered":"<p>Luca &amp; Salla-Maria Platania \u2014 Passione Pizza, el arte de la pizza casera y mucho m\u00e1s.<br \/>\nPassione Pizza de Luca y Salla-Maria es una gu\u00eda completa sobre el mundo de la pizza. El libro ofrece instrucciones claras para preparar una deliciosa pizza en casa con un ambiente relajado. La primera mitad del libro est\u00e1 dedicada a la parte te\u00f3rica y al arte de hacer masa, mostrando c\u00f3mo los ingredientes correctos marcan la diferencia y proporcionando los \u00faltimos conocimientos t\u00e9cnicos adecuados para la cocina dom\u00e9stica.<\/p>","protected":false},"featured_media":12786,"template":"","meta":[],"product_brand":[],"product_cat":[179,164],"product_tag":[],"class_list":{"0":"post-12545","1":"product","2":"type-product","3":"status-publish","4":"has-post-thumbnail","6":"product_cat-libros","7":"product_cat-regalos","9":"first","10":"instock","11":"taxable","12":"shipping-taxable","13":"purchasable","14":"product-type-simple"},"bundled_by":[],"bundle_stock_status":"instock","bundle_stock_quantity":2,"bundle_virtual":false,"bundle_layout":"","bundle_add_to_cart_form_location":"","bundle_editable_in_cart":false,"bundle_sold_individually_context":"","bundle_item_grouping":"","bundle_min_size":"","bundle_max_size":"","bundle_price":[],"bundled_items":[],"bundle_sell_ids":[],"jetpack_sharing_enabled":true,"_links":{"self":[{"href":"https:\/\/ehlea.live-website.com\/en\/wp-json\/wp\/v2\/product\/12545","targetHints":{"allow":["GET"]}}],"collection":[{"href":"https:\/\/ehlea.live-website.com\/en\/wp-json\/wp\/v2\/product"}],"about":[{"href":"https:\/\/ehlea.live-website.com\/en\/wp-json\/wp\/v2\/types\/product"}],"version-history":[{"count":0,"href":"https:\/\/ehlea.live-website.com\/en\/wp-json\/wp\/v2\/product\/12545\/revisions"}],"wp:featuredmedia":[{"embeddable":true,"href":"https:\/\/ehlea.live-website.com\/en\/wp-json\/wp\/v2\/media\/12786"}],"wp:attachment":[{"href":"https:\/\/ehlea.live-website.com\/en\/wp-json\/wp\/v2\/media?parent=12545"}],"wp:term":[{"taxonomy":"product_brand","embeddable":true,"href":"https:\/\/ehlea.live-website.com\/en\/wp-json\/wp\/v2\/product_brand?post=12545"},{"taxonomy":"product_cat","embeddable":true,"href":"https:\/\/ehlea.live-website.com\/en\/wp-json\/wp\/v2\/product_cat?post=12545"},{"taxonomy":"product_tag","embeddable":true,"href":"https:\/\/ehlea.live-website.com\/en\/wp-json\/wp\/v2\/product_tag?post=12545"}],"curies":[{"name":"wp","href":"https:\/\/api.w.org\/{rel}","templated":true}]}}