{"id":12543,"date":"2023-11-21T16:25:15","date_gmt":"2023-11-21T15:25:15","guid":{"rendered":"https:\/\/ehlea.com\/producto\/happy-homes-navidad\/"},"modified":"2023-11-30T17:29:58","modified_gmt":"2023-11-30T16:29:58","slug":"happy-homes-navidad","status":"publish","type":"product","link":"https:\/\/ehlea.live-website.com\/en\/product\/happy-homes-navidad\/","title":{"rendered":"Happy Homes \u2013 Christmas"},"content":{"rendered":"","protected":false},"excerpt":{"rendered":"<p>Jonna Kivilahti y Krista Keltanen \u2014 Feliz Navidad en Homes<\/p>\n<p>La felicidad est\u00e1 hecha en casa, tambi\u00e9n en este libro de casas navide\u00f1as finlandesas. En nuestro pa\u00eds, la tierra de Pap\u00e1 Noel, nos tomamos la temporada muy en serio, pero nos divertimos con la decoraci\u00f3n. Esc\u00e1pate con nosotros y d\u00e9jate seducir por la fragancia de la canela, el pan de jengibre y el \u00e1rbol de Navidad y el sonido de los ni\u00f1os cantando villancicos: \u00a1la Navidad ya est\u00e1 aqu\u00ed!<\/p>","protected":false},"featured_media":12785,"template":"","meta":[],"product_brand":[],"product_cat":[179,164],"product_tag":[],"class_list":{"0":"post-12543","1":"product","2":"type-product","3":"status-publish","4":"has-post-thumbnail","6":"product_cat-libros","7":"product_cat-regalos","9":"first","10":"instock","11":"taxable","12":"shipping-taxable","13":"purchasable","14":"product-type-simple"},"bundled_by":[],"bundle_stock_status":"instock","bundle_stock_quantity":2,"bundle_virtual":false,"bundle_layout":"","bundle_add_to_cart_form_location":"","bundle_editable_in_cart":false,"bundle_sold_individually_context":"","bundle_item_grouping":"","bundle_min_size":"","bundle_max_size":"","bundle_price":[],"bundled_items":[],"bundle_sell_ids":[],"jetpack_sharing_enabled":true,"_links":{"self":[{"href":"https:\/\/ehlea.live-website.com\/en\/wp-json\/wp\/v2\/product\/12543","targetHints":{"allow":["GET"]}}],"collection":[{"href":"https:\/\/ehlea.live-website.com\/en\/wp-json\/wp\/v2\/product"}],"about":[{"href":"https:\/\/ehlea.live-website.com\/en\/wp-json\/wp\/v2\/types\/product"}],"version-history":[{"count":0,"href":"https:\/\/ehlea.live-website.com\/en\/wp-json\/wp\/v2\/product\/12543\/revisions"}],"wp:featuredmedia":[{"embeddable":true,"href":"https:\/\/ehlea.live-website.com\/en\/wp-json\/wp\/v2\/media\/12785"}],"wp:attachment":[{"href":"https:\/\/ehlea.live-website.com\/en\/wp-json\/wp\/v2\/media?parent=12543"}],"wp:term":[{"taxonomy":"product_brand","embeddable":true,"href":"https:\/\/ehlea.live-website.com\/en\/wp-json\/wp\/v2\/product_brand?post=12543"},{"taxonomy":"product_cat","embeddable":true,"href":"https:\/\/ehlea.live-website.com\/en\/wp-json\/wp\/v2\/product_cat?post=12543"},{"taxonomy":"product_tag","embeddable":true,"href":"https:\/\/ehlea.live-website.com\/en\/wp-json\/wp\/v2\/product_tag?post=12543"}],"curies":[{"name":"wp","href":"https:\/\/api.w.org\/{rel}","templated":true}]}}