{"id":12542,"date":"2023-11-21T16:25:14","date_gmt":"2023-11-21T15:25:14","guid":{"rendered":"https:\/\/ehlea.com\/producto\/casas-felices-hideaways\/"},"modified":"2023-11-30T17:34:02","modified_gmt":"2023-11-30T16:34:02","slug":"casas-felices-hideaways","status":"publish","type":"product","link":"https:\/\/ehlea.live-website.com\/en\/product\/casas-felices-hideaways\/","title":{"rendered":"Happy Homes \u2013 Hideaways"},"content":{"rendered":"","protected":false},"excerpt":{"rendered":"<p>Jonna Kivilahti y Krista Keltanen \u2014 Feliz Navidad en Homes<\/p>\n<p>La felicidad est\u00e1 hecha en casa, especialmente en este libro de casas de veraneo de Finlandia, o escondites, como las llamamos. Todos estos escondites est\u00e1n llenos de ideas brillantes, hermosas e inspiradoras, reunidas en estas p\u00e1ginas para que las disfrutes. Los escondites son lugares donde puedes dejar atr\u00e1s y que tendr\u00e1n el mismo efecto en ti. \u00a1Ven y escapa con nosotros!<\/p>","protected":false},"featured_media":12776,"template":"","meta":[],"product_brand":[],"product_cat":[179,164],"product_tag":[],"class_list":{"0":"post-12542","1":"product","2":"type-product","3":"status-publish","4":"has-post-thumbnail","6":"product_cat-libros","7":"product_cat-regalos","9":"first","10":"instock","11":"taxable","12":"shipping-taxable","13":"purchasable","14":"product-type-simple"},"bundled_by":[],"bundle_stock_status":"instock","bundle_stock_quantity":2,"bundle_virtual":false,"bundle_layout":"","bundle_add_to_cart_form_location":"","bundle_editable_in_cart":false,"bundle_sold_individually_context":"","bundle_item_grouping":"","bundle_min_size":"","bundle_max_size":"","bundle_price":[],"bundled_items":[],"bundle_sell_ids":[],"jetpack_sharing_enabled":true,"_links":{"self":[{"href":"https:\/\/ehlea.live-website.com\/en\/wp-json\/wp\/v2\/product\/12542","targetHints":{"allow":["GET"]}}],"collection":[{"href":"https:\/\/ehlea.live-website.com\/en\/wp-json\/wp\/v2\/product"}],"about":[{"href":"https:\/\/ehlea.live-website.com\/en\/wp-json\/wp\/v2\/types\/product"}],"version-history":[{"count":0,"href":"https:\/\/ehlea.live-website.com\/en\/wp-json\/wp\/v2\/product\/12542\/revisions"}],"wp:featuredmedia":[{"embeddable":true,"href":"https:\/\/ehlea.live-website.com\/en\/wp-json\/wp\/v2\/media\/12776"}],"wp:attachment":[{"href":"https:\/\/ehlea.live-website.com\/en\/wp-json\/wp\/v2\/media?parent=12542"}],"wp:term":[{"taxonomy":"product_brand","embeddable":true,"href":"https:\/\/ehlea.live-website.com\/en\/wp-json\/wp\/v2\/product_brand?post=12542"},{"taxonomy":"product_cat","embeddable":true,"href":"https:\/\/ehlea.live-website.com\/en\/wp-json\/wp\/v2\/product_cat?post=12542"},{"taxonomy":"product_tag","embeddable":true,"href":"https:\/\/ehlea.live-website.com\/en\/wp-json\/wp\/v2\/product_tag?post=12542"}],"curies":[{"name":"wp","href":"https:\/\/api.w.org\/{rel}","templated":true}]}}