{"id":10833,"date":"2023-10-11T17:25:38","date_gmt":"2023-10-11T15:25:38","guid":{"rendered":"https:\/\/ehlea.com\/?post_type=product&#038;p=10833"},"modified":"2023-11-21T20:41:21","modified_gmt":"2023-11-21T19:41:21","slug":"jersey-dragon-naranja","status":"publish","type":"product","link":"https:\/\/ehlea.live-website.com\/en\/product\/jersey-dragon-naranja\/","title":{"rendered":"Dragon Orange Sweater"},"content":{"rendered":"","protected":false},"excerpt":{"rendered":"<p>Jersey gris de cashmere estilo oversize de cuello alto con terminaciones en pu\u00f1os, cuello y cintura en canal\u00e9. Cuenta con un ribete a contraste en el cuello y pu\u00f1os de color rosa.<\/p>","protected":false},"featured_media":12416,"template":"","meta":[],"product_brand":[],"product_cat":[74,156,131,69],"product_tag":[],"class_list":{"0":"post-10833","1":"product","2":"type-product","3":"status-publish","4":"has-post-thumbnail","6":"product_cat-jerseis","7":"product_cat-sales-jerseis","8":"product_cat-shop-special-offers","9":"product_cat-coleccion","10":"pa_talla-m-l","11":"pa_talla-s-m","13":"first","14":"instock","15":"sale","16":"taxable","17":"shipping-taxable","18":"purchasable","19":"product-type-variable","20":"has-default-attributes"},"bundled_by":[],"bundle_stock_status":"instock","bundle_stock_quantity":1,"bundle_virtual":false,"bundle_layout":"","bundle_add_to_cart_form_location":"","bundle_editable_in_cart":false,"bundle_sold_individually_context":"","bundle_item_grouping":"","bundle_min_size":"","bundle_max_size":"","bundle_price":[],"bundled_items":[],"bundle_sell_ids":[],"jetpack_sharing_enabled":true,"_links":{"self":[{"href":"https:\/\/ehlea.live-website.com\/en\/wp-json\/wp\/v2\/product\/10833","targetHints":{"allow":["GET"]}}],"collection":[{"href":"https:\/\/ehlea.live-website.com\/en\/wp-json\/wp\/v2\/product"}],"about":[{"href":"https:\/\/ehlea.live-website.com\/en\/wp-json\/wp\/v2\/types\/product"}],"version-history":[{"count":0,"href":"https:\/\/ehlea.live-website.com\/en\/wp-json\/wp\/v2\/product\/10833\/revisions"}],"wp:featuredmedia":[{"embeddable":true,"href":"https:\/\/ehlea.live-website.com\/en\/wp-json\/wp\/v2\/media\/12416"}],"wp:attachment":[{"href":"https:\/\/ehlea.live-website.com\/en\/wp-json\/wp\/v2\/media?parent=10833"}],"wp:term":[{"taxonomy":"product_brand","embeddable":true,"href":"https:\/\/ehlea.live-website.com\/en\/wp-json\/wp\/v2\/product_brand?post=10833"},{"taxonomy":"product_cat","embeddable":true,"href":"https:\/\/ehlea.live-website.com\/en\/wp-json\/wp\/v2\/product_cat?post=10833"},{"taxonomy":"product_tag","embeddable":true,"href":"https:\/\/ehlea.live-website.com\/en\/wp-json\/wp\/v2\/product_tag?post=10833"}],"curies":[{"name":"wp","href":"https:\/\/api.w.org\/{rel}","templated":true}]}}