{"id":10799,"date":"2023-10-11T16:51:26","date_gmt":"2023-10-11T14:51:26","guid":{"rendered":"https:\/\/ehlea.com\/?post_type=product&#038;p=10799"},"modified":"2024-05-03T15:31:48","modified_gmt":"2024-05-03T13:31:48","slug":"jersey-laos-azul","status":"publish","type":"product","link":"https:\/\/ehlea.live-website.com\/en\/product\/jersey-laos-azul\/","title":{"rendered":"Laos Blue Sweater"},"content":{"rendered":"","protected":false},"excerpt":{"rendered":"<p>Jersey azul de cashmere con escote de pico con terminaciones en pu\u00f1os, cuello y cintura en canal\u00e9. Cuenta con un ribete a contraste en color naranja en cuello y pu\u00f1os.<\/p>","protected":false},"featured_media":10802,"template":"","meta":[],"product_brand":[],"product_cat":[74,156,131,69],"product_tag":[],"class_list":{"0":"post-10799","1":"product","2":"type-product","3":"status-publish","4":"has-post-thumbnail","6":"product_cat-jerseis","7":"product_cat-sales-jerseis","8":"product_cat-shop-special-offers","9":"product_cat-coleccion","10":"pa_talla-s","11":"pa_talla-m","12":"pa_talla-l","14":"first","15":"instock","16":"sale","17":"taxable","18":"shipping-taxable","19":"purchasable","20":"product-type-variable","21":"has-default-attributes"},"bundled_by":[],"bundle_stock_status":"instock","bundle_stock_quantity":1,"bundle_virtual":false,"bundle_layout":"","bundle_add_to_cart_form_location":"","bundle_editable_in_cart":false,"bundle_sold_individually_context":"","bundle_item_grouping":"","bundle_min_size":"","bundle_max_size":"","bundle_price":[],"bundled_items":[],"bundle_sell_ids":[],"jetpack_sharing_enabled":true,"_links":{"self":[{"href":"https:\/\/ehlea.live-website.com\/en\/wp-json\/wp\/v2\/product\/10799","targetHints":{"allow":["GET"]}}],"collection":[{"href":"https:\/\/ehlea.live-website.com\/en\/wp-json\/wp\/v2\/product"}],"about":[{"href":"https:\/\/ehlea.live-website.com\/en\/wp-json\/wp\/v2\/types\/product"}],"version-history":[{"count":0,"href":"https:\/\/ehlea.live-website.com\/en\/wp-json\/wp\/v2\/product\/10799\/revisions"}],"wp:featuredmedia":[{"embeddable":true,"href":"https:\/\/ehlea.live-website.com\/en\/wp-json\/wp\/v2\/media\/10802"}],"wp:attachment":[{"href":"https:\/\/ehlea.live-website.com\/en\/wp-json\/wp\/v2\/media?parent=10799"}],"wp:term":[{"taxonomy":"product_brand","embeddable":true,"href":"https:\/\/ehlea.live-website.com\/en\/wp-json\/wp\/v2\/product_brand?post=10799"},{"taxonomy":"product_cat","embeddable":true,"href":"https:\/\/ehlea.live-website.com\/en\/wp-json\/wp\/v2\/product_cat?post=10799"},{"taxonomy":"product_tag","embeddable":true,"href":"https:\/\/ehlea.live-website.com\/en\/wp-json\/wp\/v2\/product_tag?post=10799"}],"curies":[{"name":"wp","href":"https:\/\/api.w.org\/{rel}","templated":true}]}}