{"id":10783,"date":"2023-10-11T16:30:16","date_gmt":"2023-10-11T14:30:16","guid":{"rendered":"https:\/\/ehlea.com\/?post_type=product&#038;p=10783"},"modified":"2024-05-03T15:29:12","modified_gmt":"2024-05-03T13:29:12","slug":"jersey-laos-marron","status":"publish","type":"product","link":"https:\/\/ehlea.live-website.com\/en\/product\/jersey-laos-marron\/","title":{"rendered":"Laos Brown Sweater"},"content":{"rendered":"","protected":false},"excerpt":{"rendered":"<p>Jersey marr\u00f3n de cashmere con escote de pico con terminaciones en pu\u00f1os, cuello y cintura en canal\u00e9. Cuenta con un ribete a contraste en color rosa en cuello y pu\u00f1os.<\/p>","protected":false},"featured_media":10786,"template":"","meta":[],"product_brand":[],"product_cat":[74,156,131,69],"product_tag":[],"class_list":{"0":"post-10783","1":"product","2":"type-product","3":"status-publish","4":"has-post-thumbnail","6":"product_cat-jerseis","7":"product_cat-sales-jerseis","8":"product_cat-shop-special-offers","9":"product_cat-coleccion","10":"pa_talla-s","11":"pa_talla-m","12":"pa_talla-l","14":"first","15":"instock","16":"sale","17":"taxable","18":"shipping-taxable","19":"purchasable","20":"product-type-variable","21":"has-default-attributes"},"bundled_by":[],"bundle_stock_status":"instock","bundle_stock_quantity":1,"bundle_virtual":false,"bundle_layout":"","bundle_add_to_cart_form_location":"","bundle_editable_in_cart":false,"bundle_sold_individually_context":"","bundle_item_grouping":"","bundle_min_size":"","bundle_max_size":"","bundle_price":[],"bundled_items":[],"bundle_sell_ids":[],"jetpack_sharing_enabled":true,"_links":{"self":[{"href":"https:\/\/ehlea.live-website.com\/en\/wp-json\/wp\/v2\/product\/10783","targetHints":{"allow":["GET"]}}],"collection":[{"href":"https:\/\/ehlea.live-website.com\/en\/wp-json\/wp\/v2\/product"}],"about":[{"href":"https:\/\/ehlea.live-website.com\/en\/wp-json\/wp\/v2\/types\/product"}],"version-history":[{"count":0,"href":"https:\/\/ehlea.live-website.com\/en\/wp-json\/wp\/v2\/product\/10783\/revisions"}],"wp:featuredmedia":[{"embeddable":true,"href":"https:\/\/ehlea.live-website.com\/en\/wp-json\/wp\/v2\/media\/10786"}],"wp:attachment":[{"href":"https:\/\/ehlea.live-website.com\/en\/wp-json\/wp\/v2\/media?parent=10783"}],"wp:term":[{"taxonomy":"product_brand","embeddable":true,"href":"https:\/\/ehlea.live-website.com\/en\/wp-json\/wp\/v2\/product_brand?post=10783"},{"taxonomy":"product_cat","embeddable":true,"href":"https:\/\/ehlea.live-website.com\/en\/wp-json\/wp\/v2\/product_cat?post=10783"},{"taxonomy":"product_tag","embeddable":true,"href":"https:\/\/ehlea.live-website.com\/en\/wp-json\/wp\/v2\/product_tag?post=10783"}],"curies":[{"name":"wp","href":"https:\/\/api.w.org\/{rel}","templated":true}]}}