{"id":80,"date":"2023-02-08T13:14:58","date_gmt":"2023-02-08T13:14:58","guid":{"rendered":"https:\/\/ehlea.teixido.dev\/?page_id=80"},"modified":"2024-01-22T17:24:41","modified_gmt":"2024-01-22T16:24:41","slug":"envios-y-devoluciones","status":"publish","type":"page","link":"https:\/\/ehlea.live-website.com\/en\/envios-y-devoluciones\/","title":{"rendered":"Shipping &amp; Returns"},"content":{"rendered":"\t\t<div data-elementor-type=\"wp-page\" data-elementor-id=\"80\" class=\"elementor elementor-80\" data-elementor-post-type=\"page\">\n\t\t\t\t\t\t<section class=\"elementor-section elementor-top-section elementor-element elementor-element-92aeb0c elementor-section-boxed elementor-section-height-default elementor-section-height-default\" data-id=\"92aeb0c\" data-element_type=\"section\" data-settings=\"{&quot;ekit_has_onepagescroll_dot&quot;:&quot;yes&quot;}\">\n\t\t\t\t\t\t<div class=\"elementor-container elementor-column-gap-default\">\n\t\t\t\t\t<div class=\"elementor-column elementor-col-100 elementor-top-column elementor-element elementor-element-066cac3\" data-id=\"066cac3\" data-element_type=\"column\">\n\t\t\t<div class=\"elementor-widget-wrap elementor-element-populated\">\n\t\t\t\t\t\t<div class=\"elementor-element elementor-element-f25b864 elementor-widget elementor-widget-heading\" data-id=\"f25b864\" data-element_type=\"widget\" data-settings=\"{&quot;ekit_we_effect_on&quot;:&quot;none&quot;}\" data-widget_type=\"heading.default\">\n\t\t\t\t<div class=\"elementor-widget-container\">\n\t\t\t<style>\/*! elementor - v3.22.0 - 17-06-2024 *\/\n.elementor-heading-title{padding:0;margin:0;line-height:1}.elementor-widget-heading .elementor-heading-title[class*=elementor-size-]>a{color:inherit;font-size:inherit;line-height:inherit}.elementor-widget-heading .elementor-heading-title.elementor-size-small{font-size:15px}.elementor-widget-heading .elementor-heading-title.elementor-size-medium{font-size:19px}.elementor-widget-heading .elementor-heading-title.elementor-size-large{font-size:29px}.elementor-widget-heading .elementor-heading-title.elementor-size-xl{font-size:39px}.elementor-widget-heading .elementor-heading-title.elementor-size-xxl{font-size:59px}<\/style><h2 class=\"elementor-heading-title elementor-size-default\">Env\u00edos<\/h2>\t\t<\/div>\n\t\t\t\t<\/div>\n\t\t\t\t<div class=\"elementor-element elementor-element-3d5d552 elementor-widget elementor-widget-text-editor\" data-id=\"3d5d552\" data-element_type=\"widget\" data-settings=\"{&quot;ekit_we_effect_on&quot;:&quot;none&quot;}\" data-widget_type=\"text-editor.default\">\n\t\t\t\t<div class=\"elementor-widget-container\">\n\t\t\t<style>\/*! elementor - v3.22.0 - 17-06-2024 *\/\n.elementor-widget-text-editor.elementor-drop-cap-view-stacked .elementor-drop-cap{background-color:#69727d;color:#fff}.elementor-widget-text-editor.elementor-drop-cap-view-framed .elementor-drop-cap{color:#69727d;border:3px solid;background-color:transparent}.elementor-widget-text-editor:not(.elementor-drop-cap-view-default) .elementor-drop-cap{margin-top:8px}.elementor-widget-text-editor:not(.elementor-drop-cap-view-default) .elementor-drop-cap-letter{width:1em;height:1em}.elementor-widget-text-editor .elementor-drop-cap{float:left;text-align:center;line-height:1;font-size:50px}.elementor-widget-text-editor .elementor-drop-cap-letter{display:inline-block}<\/style>\t\t\t\t<p>La empresa encargada de realizar nuestros env\u00edos es&nbsp;NACEX.&nbsp;<\/p>\n<ul>\n<li>Pen\u00ednsula y Portugal: 3,95\u20ac<\/li>\n<li>Islas Baleares: 8,95\u20ac<\/li>\n<li>Ceuta: 25,95\u20ac<\/li>\n<li>Melilla: 11,95\u20ac<\/li>\n<\/ul>\n<p>* Es posible que los gastos de env\u00edo en Pen\u00ednsula incrementen hasta 6,95\u20ac si supera la compra de 5 productos.<\/p>\n<p><span style=\"text-decoration: underline;\">Env\u00edos internacionales:<\/span><\/p>\n<ul>\n<li>Alemania, Francia, M\u00f3naco, Austria, B\u00e9lgica, Reino Unido, Italia, Luxemburgo, Holanda, San Marino: 8,90\u20ac<\/li>\n<li>Bulgaria, Dinamarca, Eslovenia, Estonia, Finlandia, Grecia, Hungr\u00eda, Irlanda, Letonia, Lituania, Noruega, Polonia, Rep\u00fablica Eslovaca, Rep\u00fablica Checa, Ruman\u00eda, Suecia y Suiza: 17,90\u20ac\n<\/li>\n<\/ul>\n<p>El pedido se entregar\u00e1 en la direcci\u00f3n que hayas especificado. En caso de estar ausente el d\u00eda de la entrega, puedes ponerte en contacto con la empresa de mensajer\u00eda y te ayudar\u00e1n a programar la entrega para otro d\u00eda.<\/p>\n<p>Las entregas se realizan en 24-48h (d\u00edas laborables) siempre y cuando el pedido se haya hecho antes de las 14h.&nbsp;<\/p>\n<p>En caso de que hayan pasado m\u00e1s de 3 d\u00edas laborables y no hayas recibido tu pedido, ponte en contacto con nosotros en&nbsp;hello@ehlea.com&nbsp;y te daremos respuesta en menos de 24 horas. Ten en cuenta que en periodos de alta demanda (como Black Friday, Navidad, etc.) es posible que tu env\u00edo se demore un poco m\u00e1s.<\/p>\n<p>Para env\u00edos internacionales, cons\u00faltanos los tiempos de entrega enviando un email a&nbsp;hello@ehlea.com.<\/p>\t\t\t\t\t\t<\/div>\n\t\t\t\t<\/div>\n\t\t\t\t<div class=\"elementor-element elementor-element-c707f83 elementor-widget elementor-widget-heading\" data-id=\"c707f83\" data-element_type=\"widget\" data-settings=\"{&quot;ekit_we_effect_on&quot;:&quot;none&quot;}\" data-widget_type=\"heading.default\">\n\t\t\t\t<div class=\"elementor-widget-container\">\n\t\t\t<h2 class=\"elementor-heading-title elementor-size-default\">Devoluciones<\/h2>\t\t<\/div>\n\t\t\t\t<\/div>\n\t\t\t\t<div class=\"elementor-element elementor-element-5e8f502 elementor-widget elementor-widget-text-editor\" data-id=\"5e8f502\" data-element_type=\"widget\" data-settings=\"{&quot;ekit_we_effect_on&quot;:&quot;none&quot;}\" data-widget_type=\"text-editor.default\">\n\t\t\t\t<div class=\"elementor-widget-container\">\n\t\t\t\t\t\t\t<p>\u00a1Las devoluciones son gratuitas para cambios de talla o de producto!<\/p><p>Si cuando te ha llegado tu pedido no te viene bien, quieres otro color o prefieres cambiarlo por otro art\u00edculo, escr\u00edbenos a\u00a0hello@ehlea.com.\u00a0Te pediremos tu nombre y direcci\u00f3n completa para organizar una recogida y cambiar el producto de forma gratuita. Si no quieres ning\u00fan producto en este momento pero eres clienta habitual, podemos hacerte un vale con el importe de la devoluci\u00f3n para gastarlo en pr\u00f3ximas compras en web. En el caso de querer devolver el producto, el consumidor se har\u00e1 cargo de buscar el m\u00e9todo de env\u00edo que prefiera y de su importe. Una vez nos llegue el producto, se te devolver\u00e1 el importe del producto en los pr\u00f3ximos 7 d\u00edas por el mismo m\u00e9todo de pago que usaste en tu compra. Ten en cuenta, que si has pagado gastos de env\u00edo en la compra, estos no se te devolver\u00e1n.<\/p><p>En nuestros establecimientos f\u00edsicos las devoluciones se realizar\u00e1n mediante vales para gastar en otros productos.\u00a0<\/p><p>\u00a1Si te ha llegado tu pedido en mal estado, roto o con alg\u00fan defecto, env\u00edanos un email a\u00a0hello@ehlea.com\u00a0y lo solucionaremos en un plis-plas!<\/p>\t\t\t\t\t\t<\/div>\n\t\t\t\t<\/div>\n\t\t\t\t\t<\/div>\n\t\t<\/div>\n\t\t\t\t\t<\/div>\n\t\t<\/section>\n\t\t\t\t<\/div>\n\t\t","protected":false},"excerpt":{"rendered":"<p>Env\u00edos La empresa encargada de realizar nuestros env\u00edos es&nbsp;NACEX.&nbsp; Pen\u00ednsula y Portugal: 3,95\u20ac Islas Baleares: 8,95\u20ac Ceuta: 25,95\u20ac Melilla: 11,95\u20ac * Es posible que los gastos de env\u00edo en Pen\u00ednsula incrementen hasta 6,95\u20ac si supera la compra de 5 productos. Env\u00edos internacionales: Alemania, Francia, M\u00f3naco, Austria, B\u00e9lgica, Reino Unido, Italia, Luxemburgo, Holanda, San Marino: 8,90\u20ac [&hellip;]<\/p>\n","protected":false},"author":2,"featured_media":0,"parent":0,"menu_order":0,"comment_status":"closed","ping_status":"closed","template":"","meta":{"footnotes":""},"class_list":["post-80","page","type-page","status-publish","hentry"],"jetpack_sharing_enabled":true,"_links":{"self":[{"href":"https:\/\/ehlea.live-website.com\/en\/wp-json\/wp\/v2\/pages\/80","targetHints":{"allow":["GET"]}}],"collection":[{"href":"https:\/\/ehlea.live-website.com\/en\/wp-json\/wp\/v2\/pages"}],"about":[{"href":"https:\/\/ehlea.live-website.com\/en\/wp-json\/wp\/v2\/types\/page"}],"author":[{"embeddable":true,"href":"https:\/\/ehlea.live-website.com\/en\/wp-json\/wp\/v2\/users\/2"}],"replies":[{"embeddable":true,"href":"https:\/\/ehlea.live-website.com\/en\/wp-json\/wp\/v2\/comments?post=80"}],"version-history":[{"count":0,"href":"https:\/\/ehlea.live-website.com\/en\/wp-json\/wp\/v2\/pages\/80\/revisions"}],"wp:attachment":[{"href":"https:\/\/ehlea.live-website.com\/en\/wp-json\/wp\/v2\/media?parent=80"}],"curies":[{"name":"wp","href":"https:\/\/api.w.org\/{rel}","templated":true}]}}