{"id":16608,"date":"2024-04-30T13:45:00","date_gmt":"2024-04-30T11:45:00","guid":{"rendered":"https:\/\/ehlea.com\/?page_id=16608"},"modified":"2024-04-30T13:59:13","modified_gmt":"2024-04-30T11:59:13","slug":"bases-promocion-dia-de-la-madre","status":"publish","type":"page","link":"https:\/\/ehlea.live-website.com\/en\/bases-promocion-dia-de-la-madre\/","title":{"rendered":"Bases promoci\u00f3n &#8220;Dia de la madre&#8221;"},"content":{"rendered":"<p><strong>Bases promoci\u00f3n &#8220;Dia de la madre&#8221;<\/strong><\/p>\n\n\n\n<p>Promoci\u00f3n especial para celebrar el Dia de la Madre \u201cll\u00e9vate un llavero de regalo\u201d para los pedidos superiores a 50 \u20ac a trav\u00e9s de la web.<br>\u2022 Promoci\u00f3n v\u00e1lida solo para compras a trav\u00e9s de la web.<br>\u2022 Del 30 de abril al 6 de mayo.<br>\u2022 Importe superior a 50\u202f\u20ac.<br>\u2022 Llavero de regalo, elegido de forma aleatoria.<br>\u2022 Hasta agotar existencias.<\/p>","protected":false},"excerpt":{"rendered":"<p>Bases promoci\u00f3n &#8220;Dia de la madre&#8221; Promoci\u00f3n especial para celebrar el Dia de la Madre \u201cll\u00e9vate un llavero de regalo\u201d para los pedidos superiores a 50 \u20ac a trav\u00e9s de la web.\u2022 Promoci\u00f3n v\u00e1lida solo para compras a trav\u00e9s de la web.\u2022 Del 30 de abril al 6 de mayo.\u2022 Importe superior a 50\u202f\u20ac.\u2022 Llavero [&hellip;]<\/p>\n","protected":false},"author":2,"featured_media":0,"parent":0,"menu_order":0,"comment_status":"closed","ping_status":"closed","template":"","meta":{"footnotes":""},"class_list":["post-16608","page","type-page","status-publish","hentry"],"jetpack_sharing_enabled":true,"_links":{"self":[{"href":"https:\/\/ehlea.live-website.com\/en\/wp-json\/wp\/v2\/pages\/16608","targetHints":{"allow":["GET"]}}],"collection":[{"href":"https:\/\/ehlea.live-website.com\/en\/wp-json\/wp\/v2\/pages"}],"about":[{"href":"https:\/\/ehlea.live-website.com\/en\/wp-json\/wp\/v2\/types\/page"}],"author":[{"embeddable":true,"href":"https:\/\/ehlea.live-website.com\/en\/wp-json\/wp\/v2\/users\/2"}],"replies":[{"embeddable":true,"href":"https:\/\/ehlea.live-website.com\/en\/wp-json\/wp\/v2\/comments?post=16608"}],"version-history":[{"count":0,"href":"https:\/\/ehlea.live-website.com\/en\/wp-json\/wp\/v2\/pages\/16608\/revisions"}],"wp:attachment":[{"href":"https:\/\/ehlea.live-website.com\/en\/wp-json\/wp\/v2\/media?parent=16608"}],"curies":[{"name":"wp","href":"https:\/\/api.w.org\/{rel}","templated":true}]}}